{"id":449,"date":"2025-07-24T18:04:30","date_gmt":"2025-07-24T18:04:30","guid":{"rendered":"https:\/\/xn--djpascalrlke-llb.de\/?page_id=449"},"modified":"2025-07-24T18:16:12","modified_gmt":"2025-07-24T18:16:12","slug":"party-tipps","status":"publish","type":"page","link":"https:\/\/xn--djpascalrlke-llb.de\/index.php\/party-tipps\/","title":{"rendered":"Party Tipps"},"content":{"rendered":"\n<p><\/p>\n\n\n\n<main class=\"wp-block-group is-layout-flow wp-container-core-group-is-layout-bb1e360e wp-block-group-is-layout-flow\" style=\"margin-top:0;margin-bottom:0;padding-top:0;padding-right:0;padding-bottom:0;padding-left:0\">\n<div class=\"wp-block-group alignfull is-layout-flow wp-block-group-is-layout-flow\" style=\"margin-top:0px;margin-bottom:0px;padding-top:0px;padding-bottom:0px\"><\/div>\n\n\n\n<div style=\"aspect-ratio:auto;min-height:unset;\" class=\"wp-block-cover has-small-font-size has-aspect-ratio\"><img loading=\"lazy\" decoding=\"async\" width=\"1024\" height=\"576\" class=\"wp-block-cover__image-background wp-image-451 size-large\" alt=\"\" src=\"https:\/\/xn--djpascalrlke-llb.de\/wp-content\/uploads\/2025\/07\/concert-2527495_1280-1024x576.jpg\" data-object-fit=\"cover\" srcset=\"https:\/\/xn--djpascalrlke-llb.de\/wp-content\/uploads\/2025\/07\/concert-2527495_1280-1024x576.jpg 1024w, https:\/\/xn--djpascalrlke-llb.de\/wp-content\/uploads\/2025\/07\/concert-2527495_1280-300x169.jpg 300w, https:\/\/xn--djpascalrlke-llb.de\/wp-content\/uploads\/2025\/07\/concert-2527495_1280-768x432.jpg 768w, https:\/\/xn--djpascalrlke-llb.de\/wp-content\/uploads\/2025\/07\/concert-2527495_1280.jpg 1280w\" sizes=\"auto, (max-width: 1024px) 100vw, 1024px\" \/><span aria-hidden=\"true\" class=\"wp-block-cover__background has-background-dim-60 has-background-dim\" style=\"background-color:#563954\"><\/span><div class=\"wp-block-cover__inner-container is-layout-flow wp-block-cover-is-layout-flow\">\n<p class=\"has-text-align-center has-x-large-font-size\"><strong>Gut geplant &#8211; besser gefeiert!<\/strong><\/p>\n<\/div><\/div>\n\n\n\n<main class=\"wp-block-group is-layout-flow wp-container-core-group-is-layout-bb1e360e wp-block-group-is-layout-flow\" style=\"margin-top:0;margin-bottom:0;padding-top:0;padding-right:0;padding-bottom:0;padding-left:0\">\n<div class=\"wp-block-group alignfull is-layout-flow wp-block-group-is-layout-flow\" style=\"margin-top:0px;margin-bottom:0px;padding-top:0px;padding-bottom:0px\">\n<div style=\"height:48px\" aria-hidden=\"true\" class=\"wp-block-spacer\"><\/div>\n<\/div>\n\n\n\n<p class=\"has-text-align-center\">Du willst, dass deine Feier unvergesslich wird? Egal, ob Hochzeit, Geburtstag oder Firmenfeier mit mir als DJ in Genthin. <strong>Gute Stimmung<\/strong> entsteht nicht nur durch die Musik. Mit ein paar einfachen aber <strong>wirkungsvollen Tipps<\/strong> l\u00e4sst sich der Ablauf euerer Feier deutlich entspannter, stimmungsvoller und runder gestalten. Als DJ habe ich schon viele Events im Jerichower Land begleitet und teile hier meine <strong>erprobten Empfehlungen<\/strong> f\u00fcr eine gelungene Party.<\/p>\n<\/main>\n<\/main>\n\n\n\n<div style=\"height:17px\" aria-hidden=\"true\" class=\"wp-block-spacer\"><\/div>\n\n\n\n<h3 class=\"wp-block-heading has-text-align-center\">Also, hier meine  5 ultimativen Tipps<\/h3>\n\n\n\n<div style=\"height:17px\" aria-hidden=\"true\" class=\"wp-block-spacer\"><\/div>\n\n\n\n<div class=\"wp-block-group is-layout-constrained wp-block-group-is-layout-constrained\">\n<h5 class=\"wp-block-heading has-text-align-center\">1. G\u00e4ste nicht zu fr\u00fch bestellen<\/h5>\n\n\n\n<ul class=\"wp-block-list has-ti-bg-alt-background-color has-background\">\n<li>Lass den Abend langsam starten &#8211; ein zu fr\u00fcher Beginn kann die Stimmung dr\u00fccken. Besser: Lockeres Ankommen, dann steigert sich die Stimmung von selbst.<\/li>\n<\/ul>\n\n\n\n<h5 class=\"wp-block-heading has-text-align-center\">2. Musikw\u00fcnsche zulassen <\/h5>\n\n\n\n<ul class=\"wp-block-list has-ti-bg-alt-background-color has-background\">\n<li>G\u00e4ste lieben es, ihre Lieblingssongs zu h\u00f6ren! Sie f\u00fchlen sich abgeholt &#8211; und das sorgt f\u00fcr gute Stimmung<\/li>\n<\/ul>\n\n\n\n<h5 class=\"wp-block-heading has-text-align-center\">3. Der richtige Zeitpunkt f\u00fcr Programmpunkte<\/h5>\n\n\n\n<ul class=\"wp-block-list has-ti-bg-alt-background-color has-background\">\n<li>Spiele, Reden oder \u00dcberraschungen? Gerne &#8211; aber nicht, wenn die Party im vollen Gange ist. Also platziert die Programmpunkte geschickt. Meiner Erfahrung nach ist nach dem Essen ein guter Zeitpunkt, da die G\u00e4ste noch verdauen und aufmerksam zugucken.<\/li>\n<\/ul>\n\n\n\n<h5 class=\"wp-block-heading has-text-align-center\">4. Achte auf die Raumaufteilung<\/h5>\n\n\n\n<ul class=\"wp-block-list has-ti-bg-alt-background-color has-background\">\n<li>Weniger ist oft mehr! Viele kleine R\u00e4ume f\u00fchren schnell zur Gruppenbildung und das nimmt der Feier Schwung. Besser: M\u00f6glichst viele G\u00e4ste in einem zentralen Raum mit Bezug zur Tanzfl\u00e4che halten. So entsteht mehr Dynamik und Interaktion.<\/li>\n<\/ul>\n\n\n\n<h5 class=\"wp-block-heading has-text-align-center\">5. Sitzpl\u00e4tze nicht zu gem\u00fctlich gestalten<\/h5>\n\n\n\n<ul class=\"wp-block-list has-ti-bg-alt-background-color has-background\">\n<li>Wenn&#8217;s zu bequem ist, bleibt man sitzen. Lieber ein paar Stehtische oder Barhocker um die Tanzfl\u00e4che. So bleibt die Tanzfl\u00e4che attraktiver und der erste Schritt f\u00e4llt nicht schwer.<\/li>\n<\/ul>\n<\/div>\n\n\n\n<p><\/p>\n","protected":false},"excerpt":{"rendered":"<p>Du willst, dass deine Feier unvergesslich wird? Egal, ob Hochzeit, Geburtstag oder Firmenfeier mit mir als DJ in Genthin. Gute Stimmung entsteht nicht nur durch die Musik. Mit ein paar einfachen aber wirkungsvollen Tipps l\u00e4sst sich der Ablauf euerer Feier deutlich entspannter, stimmungsvoller und runder gestalten. Als DJ habe ich schon viele Events im Jerichower [&hellip;]<\/p>\n","protected":false},"author":1,"featured_media":0,"parent":0,"menu_order":0,"comment_status":"closed","ping_status":"closed","template":"","meta":{"footnotes":""},"class_list":["post-449","page","type-page","status-publish","hentry"],"_links":{"self":[{"href":"https:\/\/xn--djpascalrlke-llb.de\/index.php\/wp-json\/wp\/v2\/pages\/449","targetHints":{"allow":["GET"]}}],"collection":[{"href":"https:\/\/xn--djpascalrlke-llb.de\/index.php\/wp-json\/wp\/v2\/pages"}],"about":[{"href":"https:\/\/xn--djpascalrlke-llb.de\/index.php\/wp-json\/wp\/v2\/types\/page"}],"author":[{"embeddable":true,"href":"https:\/\/xn--djpascalrlke-llb.de\/index.php\/wp-json\/wp\/v2\/users\/1"}],"replies":[{"embeddable":true,"href":"https:\/\/xn--djpascalrlke-llb.de\/index.php\/wp-json\/wp\/v2\/comments?post=449"}],"version-history":[{"count":8,"href":"https:\/\/xn--djpascalrlke-llb.de\/index.php\/wp-json\/wp\/v2\/pages\/449\/revisions"}],"predecessor-version":[{"id":461,"href":"https:\/\/xn--djpascalrlke-llb.de\/index.php\/wp-json\/wp\/v2\/pages\/449\/revisions\/461"}],"wp:attachment":[{"href":"https:\/\/xn--djpascalrlke-llb.de\/index.php\/wp-json\/wp\/v2\/media?parent=449"}],"curies":[{"name":"wp","href":"https:\/\/api.w.org\/{rel}","templated":true}]}}