{"id":515,"date":"2026-01-13T12:47:56","date_gmt":"2026-01-13T12:47:56","guid":{"rendered":"https:\/\/xn--djpascalrlke-llb.de\/?page_id=515"},"modified":"2026-02-09T09:28:39","modified_gmt":"2026-02-09T09:28:39","slug":"dj-genthin-transparente-preise","status":"publish","type":"page","link":"https:\/\/xn--djpascalrlke-llb.de\/index.php\/dj-genthin-transparente-preise\/","title":{"rendered":"Ma\u00dfgeschneidertes Angebot"},"content":{"rendered":"\n<main class=\"wp-block-group is-layout-flow wp-container-core-group-is-layout-bb1e360e wp-block-group-is-layout-flow\" style=\"margin-top:0;margin-bottom:0;padding-top:0;padding-right:0;padding-bottom:0;padding-left:0\">\n<div class=\"wp-block-cover alignfull has-aspect-ratio\" style=\"border-style:none;border-width:0px;padding-top:64px;padding-right:0px;padding-bottom:64px;padding-left:0px;min-height:200px;aspect-ratio:auto;min-height:unset;\"><img loading=\"lazy\" decoding=\"async\" width=\"300\" height=\"199\" class=\"wp-block-cover__image-background wp-image-123 size-medium\" alt=\"\" src=\"https:\/\/xn--djpascalrlke-llb.de\/wp-content\/uploads\/2025\/04\/event-6927353_1280-300x199.jpg\" data-object-fit=\"cover\" srcset=\"https:\/\/xn--djpascalrlke-llb.de\/wp-content\/uploads\/2025\/04\/event-6927353_1280-300x199.jpg 300w, https:\/\/xn--djpascalrlke-llb.de\/wp-content\/uploads\/2025\/04\/event-6927353_1280-1024x678.jpg 1024w, https:\/\/xn--djpascalrlke-llb.de\/wp-content\/uploads\/2025\/04\/event-6927353_1280-768x509.jpg 768w, https:\/\/xn--djpascalrlke-llb.de\/wp-content\/uploads\/2025\/04\/event-6927353_1280.jpg 1280w\" sizes=\"auto, (max-width: 300px) 100vw, 300px\" \/><span aria-hidden=\"true\" class=\"wp-block-cover__background has-ti-bg-inv-background-color has-background-dim\"><\/span><div class=\"wp-block-cover__inner-container is-layout-flow wp-container-core-cover-is-layout-d186c705 wp-block-cover-is-layout-flow\">\n<div class=\"wp-block-group alignwide is-layout-constrained wp-block-group-is-layout-constrained\">\n<div class=\"wp-block-group is-layout-constrained wp-container-core-group-is-layout-138c33e9 wp-block-group-is-layout-constrained\" style=\"padding-top:32px;padding-right:32px;padding-bottom:32px;padding-left:32px\"><h1 class=\"has-text-align-center wp-block-post-title\">Ma\u00dfgeschneidertes Angebot<\/h1><\/div>\n<\/div>\n<\/div><\/div>\n<\/main>\n\n\n\n<div style=\"height:31px\" aria-hidden=\"true\" class=\"wp-block-spacer\"><\/div>\n\n\n\n<p class=\"has-text-align-center has-ti-bg-alt-background-color has-background\">Ob Hochzeit, Geburtstag oder Firmenfeier: Jede dieser Veranstaltung ist einzigartig. Genauso individuell sind auch eure W\u00fcnsche und Vorstellungen. Zum Beispiel w\u00fcnschen sich manche Paare eine musikalische Begleitung vom Sektempfang bis zur Party oder einen zus\u00e4tzlichen Lautsprecher im Au\u00dfenbereich. <\/p>\n\n\n\n<div style=\"height:10px\" aria-hidden=\"true\" class=\"wp-block-spacer\"><\/div>\n\n\n\n<p class=\"has-text-align-center\">Deshalb gibt es bei mir <strong>keine<\/strong> festen <strong>Pauschalpreise<\/strong>.<\/p>\n\n\n\n<div style=\"height:10px\" aria-hidden=\"true\" class=\"wp-block-spacer\"><\/div>\n\n\n\n<p class=\"has-text-align-center has-ti-bg-alt-background-color has-background\">Die Kosten f\u00fcr einen <strong>professionellen DJ<\/strong> h\u00e4ngen von verschiedenen Faktoren ab: Dauer des Einsatzes, die gew\u00fcnschte Technik, Saison und Location. Erst nach einem pers\u00f6nlichen Vorgespr\u00e4ch kann ich den Umfang realistisch einsch\u00e4tzen und euch ein <strong>transparentes<\/strong>, <strong>faires <\/strong>und <strong>individuell<\/strong> zugeschnittenes <strong>Angebot<\/strong> erstellen.<\/p>\n\n\n\n<div style=\"height:10px\" aria-hidden=\"true\" class=\"wp-block-spacer\"><\/div>\n\n\n\n<p class=\"has-text-align-center\"><strong><em>Genau abgestimmt auf deine Feier<\/em><\/strong><\/p>\n\n\n\n<div style=\"height:10px\" aria-hidden=\"true\" class=\"wp-block-spacer\"><\/div>\n\n\n\n<div class=\"wp-block-buttons is-content-justification-center is-layout-flex wp-container-core-buttons-is-layout-a89b3969 wp-block-buttons-is-layout-flex\">\n<div class=\"wp-block-button is-style-outline is-style-outline--1\"><a class=\"wp-block-button__link has-ti-bg-color has-text-color has-background has-link-color has-text-align-center wp-element-button\" href=\"https:\/\/xn--djpascalrlke-llb.de\/index.php\/dj-anfrage\/\" style=\"border-style:none;border-width:0px;background-color:#d3b04f\">kostenloses Vorgespr\u00e4ch vereinbaren<\/a><\/div>\n<\/div>\n\n\n\n<p><\/p>\n","protected":false},"excerpt":{"rendered":"<p>Ob Hochzeit, Geburtstag oder Firmenfeier: Jede dieser Veranstaltung ist einzigartig. Genauso individuell sind auch eure W\u00fcnsche und Vorstellungen. Zum Beispiel w\u00fcnschen sich manche Paare eine musikalische Begleitung vom Sektempfang bis zur Party oder einen zus\u00e4tzlichen Lautsprecher im Au\u00dfenbereich. Deshalb gibt es bei mir keine festen Pauschalpreise. Die Kosten f\u00fcr einen professionellen DJ h\u00e4ngen von verschiedenen [&hellip;]<\/p>\n","protected":false},"author":1,"featured_media":0,"parent":0,"menu_order":0,"comment_status":"closed","ping_status":"closed","template":"","meta":{"footnotes":""},"class_list":["post-515","page","type-page","status-publish","hentry"],"_links":{"self":[{"href":"https:\/\/xn--djpascalrlke-llb.de\/index.php\/wp-json\/wp\/v2\/pages\/515","targetHints":{"allow":["GET"]}}],"collection":[{"href":"https:\/\/xn--djpascalrlke-llb.de\/index.php\/wp-json\/wp\/v2\/pages"}],"about":[{"href":"https:\/\/xn--djpascalrlke-llb.de\/index.php\/wp-json\/wp\/v2\/types\/page"}],"author":[{"embeddable":true,"href":"https:\/\/xn--djpascalrlke-llb.de\/index.php\/wp-json\/wp\/v2\/users\/1"}],"replies":[{"embeddable":true,"href":"https:\/\/xn--djpascalrlke-llb.de\/index.php\/wp-json\/wp\/v2\/comments?post=515"}],"version-history":[{"count":13,"href":"https:\/\/xn--djpascalrlke-llb.de\/index.php\/wp-json\/wp\/v2\/pages\/515\/revisions"}],"predecessor-version":[{"id":536,"href":"https:\/\/xn--djpascalrlke-llb.de\/index.php\/wp-json\/wp\/v2\/pages\/515\/revisions\/536"}],"wp:attachment":[{"href":"https:\/\/xn--djpascalrlke-llb.de\/index.php\/wp-json\/wp\/v2\/media?parent=515"}],"curies":[{"name":"wp","href":"https:\/\/api.w.org\/{rel}","templated":true}]}}