{"id":75,"date":"2025-04-06T13:25:16","date_gmt":"2025-04-06T13:25:16","guid":{"rendered":"https:\/\/xn--djpascalrlke-llb.de\/?page_id=75"},"modified":"2026-04-04T12:34:21","modified_gmt":"2026-04-04T12:34:21","slug":"hochzeits-dj","status":"publish","type":"page","link":"https:\/\/xn--djpascalrlke-llb.de\/index.php\/hochzeits-dj\/","title":{"rendered":"So begleite ich eure Hochzeit als DJ"},"content":{"rendered":"\n<p><\/p>\n\n\n\n<div class=\"wp-block-cover alignfull has-normal-font-size has-aspect-ratio\" style=\"border-style:none;border-width:0px;margin-top:0;margin-bottom:0;padding-top:64px;padding-right:19px;padding-bottom:64px;padding-left:19px;min-height:200px;aspect-ratio:auto;min-height:unset;\"><img loading=\"lazy\" decoding=\"async\" width=\"1280\" height=\"838\" class=\"wp-block-cover__image-background wp-image-117\" alt=\"\" src=\"https:\/\/xn--djpascalrlke-llb.de\/wp-content\/uploads\/2025\/04\/wedding-1836315_1280-1.jpg\" style=\"object-position:46% 45%\" data-object-fit=\"cover\" data-object-position=\"46% 45%\" srcset=\"https:\/\/xn--djpascalrlke-llb.de\/wp-content\/uploads\/2025\/04\/wedding-1836315_1280-1.jpg 1280w, https:\/\/xn--djpascalrlke-llb.de\/wp-content\/uploads\/2025\/04\/wedding-1836315_1280-1-300x196.jpg 300w, https:\/\/xn--djpascalrlke-llb.de\/wp-content\/uploads\/2025\/04\/wedding-1836315_1280-1-1024x670.jpg 1024w, https:\/\/xn--djpascalrlke-llb.de\/wp-content\/uploads\/2025\/04\/wedding-1836315_1280-1-768x503.jpg 768w\" sizes=\"auto, (max-width: 1280px) 100vw, 1280px\" \/><span aria-hidden=\"true\" class=\"wp-block-cover__background has-ti-bg-inv-background-color has-background-dim\"><\/span><div class=\"wp-block-cover__inner-container is-layout-constrained wp-container-core-cover-is-layout-a6961941 wp-block-cover-is-layout-constrained\">\n<div class=\"wp-block-group alignwide is-layout-constrained wp-block-group-is-layout-constrained\">\n<div class=\"wp-block-group is-layout-constrained wp-container-core-group-is-layout-138c33e9 wp-block-group-is-layout-constrained\" style=\"padding-top:32px;padding-right:32px;padding-bottom:32px;padding-left:32px\"><h2 class=\"has-text-align-center wp-block-post-title\">So begleite ich eure Hochzeit als DJ<\/h2><\/div>\n\n\n\n<div class=\"wp-block-buttons is-content-justification-center is-layout-flex wp-container-core-buttons-is-layout-f6f51b6e wp-block-buttons-is-layout-flex\">\n<div class=\"wp-block-button\"><a class=\"wp-block-button__link has-background has-text-align-center wp-element-button\" href=\"https:\/\/xn--djpascalrlke-llb.de\/index.php\/dj-anfrage\/\" style=\"border-style:none;border-width:0px;background-color:#d3b04f\">Jetzt Anfragen<\/a><\/div>\n<\/div>\n<\/div>\n<\/div><\/div>\n\n\n\n<h2 class=\"wp-block-heading has-text-align-center\" style=\"margin-top:var(--wp--preset--spacing--60);margin-bottom:var(--wp--preset--spacing--60)\">Hochzeits DJ Pascal R\u00fclke<\/h2>\n\n\n\n<div class=\"wp-block-media-text is-stacked-on-mobile is-vertically-aligned-center is-image-fill-element\" style=\"margin-top:var(--wp--preset--spacing--50);margin-bottom:var(--wp--preset--spacing--50);padding-top:0;padding-bottom:0;grid-template-columns:38% auto\"><figure class=\"wp-block-media-text__media\"><img loading=\"lazy\" decoding=\"async\" width=\"922\" height=\"1024\" src=\"https:\/\/xn--djpascalrlke-llb.de\/wp-content\/uploads\/2025\/04\/bride-and-groom-6623379_1280-922x1024.jpg\" alt=\"\" class=\"wp-image-141 size-full\" style=\"object-position:52% 19%\" srcset=\"https:\/\/xn--djpascalrlke-llb.de\/wp-content\/uploads\/2025\/04\/bride-and-groom-6623379_1280-922x1024.jpg 922w, https:\/\/xn--djpascalrlke-llb.de\/wp-content\/uploads\/2025\/04\/bride-and-groom-6623379_1280-270x300.jpg 270w, https:\/\/xn--djpascalrlke-llb.de\/wp-content\/uploads\/2025\/04\/bride-and-groom-6623379_1280-768x853.jpg 768w, https:\/\/xn--djpascalrlke-llb.de\/wp-content\/uploads\/2025\/04\/bride-and-groom-6623379_1280.jpg 1152w\" sizes=\"auto, (max-width: 922px) 100vw, 922px\" \/><\/figure><div class=\"wp-block-media-text__content\">\n<p class=\"has-text-align-center has-ti-bg-alt-background-color has-background\" style=\"margin-top:0;margin-right:0;margin-bottom:0;margin-left:0;font-size:clamp(14px, 0.875rem + ((1vw - 3.2px) * 0.488), 18px);text-decoration:none\">Als Spezialist f\u00fcr Hochzeiten mit \u00fcber 10 Jahren Erfahrung stehe ich Ihnen mit Leidenschaft und Professionalit\u00e4t zur Seite, damit Ihre Feier genauso wird, wie Sie es sich ertr\u00e4umen. Vom Sektempfang bis zum letzten Tanz begleite ich euch als Hochzeits DJ mit der Musik, die zu euch passt.<\/p>\n<\/div><\/div>\n\n\n\n<div class=\"wp-block-group alignfull has-ti-bg-alt-background-color has-background is-content-justification-center is-layout-constrained wp-container-core-group-is-layout-1313c73e wp-block-group-is-layout-constrained\" style=\"margin-top:0px;margin-bottom:0px;padding-top:64px;padding-bottom:64px\">\n<div class=\"wp-block-group is-content-justification-left is-layout-constrained wp-container-core-group-is-layout-0effa23f wp-block-group-is-layout-constrained\" style=\"border-radius:5px\">\n<h2 class=\"wp-block-heading has-text-align-center\">Wie l\u00e4uft es ab?<\/h2>\n<\/div>\n\n\n\n<div class=\"wp-block-group alignwide is-layout-flow wp-block-group-is-layout-flow\">\n<div class=\"wp-block-columns are-vertically-aligned-top is-layout-flex wp-container-core-columns-is-layout-e0dca8c8 wp-block-columns-is-layout-flex\">\n<div class=\"wp-block-column is-vertically-aligned-top is-layout-flow wp-container-core-column-is-layout-47e5a185 wp-block-column-is-layout-flow\">\n<div class=\"wp-block-group has-ti-bg-background-color has-background has-x-large-font-size is-layout-constrained wp-container-core-group-is-layout-b4854629 wp-block-group-is-layout-constrained\" style=\"padding-top:24px;padding-right:24px;padding-bottom:24px;padding-left:24px\">\n<figure class=\"wp-block-image aligncenter size-full is-resized is-style-default\"><img loading=\"lazy\" decoding=\"async\" width=\"96\" height=\"96\" src=\"https:\/\/xn--djpascalrlke-llb.de\/wp-content\/uploads\/2025\/04\/icons8-ringer-volume-96.png\" alt=\"\" class=\"wp-image-157\" style=\"width:68px\"\/><\/figure>\n\n\n\n<h3 class=\"wp-block-heading has-text-align-center has-medium-font-size\">1. Vorgespr\u00e4ch<\/h3>\n\n\n\n<p class=\"has-text-align-center has-normal-font-size\" style=\"text-transform:none\">Eine gelungene Hochzeit beginnt mit guter Vorbereitung. Deshalb nehme ich mir Zeit f\u00fcr ein unverbindliches Vorgespr\u00e4ch. Gemeinsam besprechen wir den Ablauf, musikalische W\u00fcnsche und besondere Highlights.<\/p>\n<\/div>\n<\/div>\n\n\n\n<div class=\"wp-block-column is-vertically-aligned-top is-layout-flow wp-block-column-is-layout-flow\">\n<div class=\"wp-block-group is-content-justification-left is-layout-constrained wp-container-core-group-is-layout-12dd3699 wp-block-group-is-layout-constrained\" style=\"border-radius:5px\">\n<div class=\"wp-block-group has-ti-bg-background-color has-background is-layout-constrained wp-container-core-group-is-layout-b4854629 wp-block-group-is-layout-constrained\" style=\"padding-top:24px;padding-right:24px;padding-bottom:24px;padding-left:24px\">\n<figure class=\"wp-block-image aligncenter size-full is-resized is-style-default\"><img loading=\"lazy\" decoding=\"async\" width=\"100\" height=\"100\" src=\"https:\/\/xn--djpascalrlke-llb.de\/wp-content\/uploads\/2025\/04\/icons8-email-100.png\" alt=\"\" class=\"wp-image-156\" style=\"width:68px\"\/><\/figure>\n\n\n\n<h3 class=\"wp-block-heading has-text-align-center has-medium-font-size\">2. Buchung<\/h3>\n\n\n\n<p class=\"has-text-align-center has-normal-font-size\" style=\"text-transform:none\">Nachdem ihr euer pers\u00f6nliches Angebot erhalten habt, k\u00f6nnt ihr euch ganz in Ruhe noch einmal Gedanken machen. Sobald ihr euch f\u00fcr mich entschieden habt, sichere ich euch eueren Termin verbindlich.<\/p>\n<\/div>\n<\/div>\n<\/div>\n\n\n\n<div class=\"wp-block-column is-vertically-aligned-top is-layout-flow wp-block-column-is-layout-flow\">\n<div class=\"wp-block-group is-content-justification-left is-layout-constrained wp-container-core-group-is-layout-12dd3699 wp-block-group-is-layout-constrained\" style=\"border-radius:5px\">\n<div class=\"wp-block-group has-ti-bg-background-color has-background is-layout-constrained wp-container-core-group-is-layout-b4854629 wp-block-group-is-layout-constrained\" style=\"padding-top:24px;padding-right:24px;padding-bottom:24px;padding-left:24px\">\n<figure class=\"wp-block-image aligncenter size-full is-resized is-style-default\" style=\"margin-right:0;margin-left:0\"><img loading=\"lazy\" decoding=\"async\" width=\"96\" height=\"96\" src=\"https:\/\/xn--djpascalrlke-llb.de\/wp-content\/uploads\/2025\/04\/icons8-smiling-96.png\" alt=\"\" class=\"wp-image-158\" style=\"object-fit:cover;width:68px;height:auto\"\/><\/figure>\n\n\n\n<h3 class=\"wp-block-heading has-text-align-center has-medium-font-size\">3. Weitere Infos<\/h3>\n\n\n\n<p class=\"has-text-align-center has-normal-font-size\" style=\"text-transform:none\">Nun hei\u00dft es f\u00fcr euch zur\u00fccklehnen und ich gehe in die Vorbereitung.     Ihr habt noch Fragen?   Kein Problem!  Ich nehme mir Zeit f\u00fcr jedes eurer Anliegen. Wir kl\u00e4ren wirklich alles, was euch wichtig ist. <\/p>\n<\/div>\n<\/div>\n<\/div>\n<\/div>\n<\/div>\n<\/div>\n\n\n\n<figure class=\"wp-block-image aligncenter size-large is-resized has-custom-border is-style-default\"><img loading=\"lazy\" decoding=\"async\" width=\"1024\" height=\"768\" src=\"https:\/\/xn--djpascalrlke-llb.de\/wp-content\/uploads\/2026\/04\/IMG_7223-kleiner-1024x768.jpg\" alt=\"\" class=\"wp-image-540\" style=\"border-style:none;border-width:0px;border-top-left-radius:0px;border-top-right-radius:0px;border-bottom-left-radius:0px;border-bottom-right-radius:0px;width:388px;height:auto\" srcset=\"https:\/\/xn--djpascalrlke-llb.de\/wp-content\/uploads\/2026\/04\/IMG_7223-kleiner-1024x768.jpg 1024w, https:\/\/xn--djpascalrlke-llb.de\/wp-content\/uploads\/2026\/04\/IMG_7223-kleiner-300x225.jpg 300w, https:\/\/xn--djpascalrlke-llb.de\/wp-content\/uploads\/2026\/04\/IMG_7223-kleiner-768x576.jpg 768w, https:\/\/xn--djpascalrlke-llb.de\/wp-content\/uploads\/2026\/04\/IMG_7223-kleiner-1536x1152.jpg 1536w, https:\/\/xn--djpascalrlke-llb.de\/wp-content\/uploads\/2026\/04\/IMG_7223-kleiner-2048x1536.jpg 2048w\" sizes=\"auto, (max-width: 1024px) 100vw, 1024px\" \/><\/figure>\n\n\n\n<div class=\"wp-block-group is-layout-constrained wp-block-group-is-layout-constrained\">\n<h2 class=\"wp-block-heading has-text-align-center has-white-background-color has-text-color has-background has-link-color wp-elements-af3fca04cdeb11b92ef8f3276f90236f\" style=\"color:#d3b04f;margin-top:0;margin-right:0;margin-bottom:0;margin-left:0\">Eure Hochzeit <\/h2>\n<\/div>\n\n\n\n<p class=\"has-text-align-center has-ti-bg-alt-background-color has-background\" style=\"margin-top:0;margin-bottom:0\">F\u00fcr euch der Tag auf den ihr Monate lang hingefiebert habt &#8211; und f\u00fcr mich die Ehre, diesen Tag musikalisch zu begleiten. <\/p>\n\n\n\n<p class=\"has-text-align-center has-ti-bg-alt-background-color has-background\" style=\"border-radius:0px;margin-top:0;margin-bottom:0\">Schon morgens belade ich die Technik ins Auto und bin fr\u00fch vor Ort um alles perfekt vorbereitet zu haben. Ab dem Moment, in dem ihr eure G\u00e4ste begr\u00fc\u00dft sorge ich f\u00fcr passende Hintergrundmusik. Vom Er\u00f6ffnungstanz bis zum letzten Tanz bin ich mit Leidenschaft dabei.<\/p>\n\n\n\n<div style=\"height:44px\" aria-hidden=\"true\" class=\"wp-block-spacer\"><\/div>\n\n\n\n<p><\/p>\n\n\n<noscript class=\"ninja-forms-noscript-message\">\n\tHinweis: F\u00fcr diesen Inhalt ist JavaScript erforderlich.<\/noscript>\n<div id=\"nf-form-3-cont\" class=\"nf-form-cont\" aria-live=\"polite\" aria-labelledby=\"nf-form-title-3\" aria-describedby=\"nf-form-errors-3\" role=\"form\">\n\n    <div class=\"nf-loading-spinner\"><\/div>\n\n<\/div>\n        <!-- That data is being printed as a workaround to page builders reordering the order of the scripts loaded-->\n        <script>var formDisplay=1;var nfForms=nfForms||[];var form=[];form.id='3';form.settings={\"objectType\":\"Form Setting\",\"editActive\":\"1\",\"title\":\"Enquiry\",\"created_at\":\"2025-04-25 19:20:35\",\"form_title\":\"Enquiry\",\"default_label_pos\":\"above\",\"show_title\":\"0\",\"clear_complete\":\"1\",\"hide_complete\":\"1\",\"logged_in\":\"0\",\"wrapper_class\":\"\",\"element_class\":\"\",\"key\":\"\",\"add_submit\":\"1\",\"currency\":\"\",\"unique_field_error\":\"A form with this value has already been submitted.\",\"not_logged_in_msg\":\"\",\"sub_limit_msg\":\"The form has reached its submission limit.\",\"calculations\":[],\"formContentData\":[\"vorname_1745608858126\",\"nachname_1745608864055\",\"email_1523908522614\",\"telefonnummer_1745608868527\",\"deine_anfrage_1745608879202\",\"absenden_1745608890259\"],\"drawerDisabled\":\"\",\"allow_public_link\":0,\"embed_form\":\"\",\"form_title_heading_level\":\"3\",\"ninjaForms\":\"Ninja Forms\",\"changeEmailErrorMsg\":\"Bitte geben Sie eine g\\u00fcltige E-Mail-Adresse ein.\",\"changeDateErrorMsg\":\"Bitte geben Sie ein g\\u00fcltiges Datum ein!\",\"confirmFieldErrorMsg\":\"Diese Felder m\\u00fcssen \\u00fcbereinstimmen!\",\"fieldNumberNumMinError\":\"Die eingegebene Zahl ist zu klein.\",\"fieldNumberNumMaxError\":\"Die eingegebene Zahl ist zu gross.\",\"fieldNumberIncrementBy\":\"Bitte erh\\u00f6hen in Schritten von\",\"fieldTextareaRTEInsertLink\":\"Link einf\\u00fcgen\",\"fieldTextareaRTEInsertMedia\":\"Medien einf\\u00fcgen\",\"fieldTextareaRTESelectAFile\":\"Eine Datei ausw\\u00e4hlen\",\"tableInsertRowAbove\":\"Insert Row Above\",\"tableInsertRowBelow\":\"Insert Row Below\",\"tableInsertColumnLeft\":\"Insert Column Left\",\"tableInsertColumnRight\":\"Insert Column Right\",\"tableDeleteRow\":\"Delete Row\",\"tableDeleteColumn\":\"Delete Column\",\"tableDeleteTable\":\"Delete Table\",\"tableLegacyNotice\":\"This content has tables in the old editor format. Custom styles are preserved until converted. Editing will update to the new format.\",\"tableLegacyConvert\":\"Convert Now\",\"tableInsertTable\":\"Insert Table\",\"dismiss\":\"Verwerfen\",\"insertLink\":\"Link einf\\u00fcgen\",\"formErrorsCorrectErrors\":\"Bitte korrigieren Sie die Fehler bevor Sie das Formular senden.\",\"formHoneypot\":\"Falls Sie ein Mensch sind und dieses Feld sehen, dann lassen Sie es bitte leer.\",\"validateRequiredField\":\"Dies ist ein Pflichtfeld.\",\"honeypotHoneypotError\":\"Honeypot-Fehler\",\"fileUploadOldCodeFileUploadInProgress\":\"Datei-Upload l\\u00e4uft.\",\"fileUploadOldCodeFileUpload\":\"DATEI-UPLOAD\",\"currencySymbol\":false,\"fieldsMarkedRequired\":\"Felder mit einem <span class=\\\"ninja-forms-req-symbol\\\">*<\\\/span> sind Pflichtfelder\",\"thousands_sep\":\".\",\"decimal_point\":\",\",\"siteLocale\":\"de_DE_formal\",\"dateFormat\":\"m\\\/d\\\/Y\",\"startOfWeek\":\"1\",\"of\":\"von\",\"previousMonth\":\"Vorheriger Monat\",\"nextMonth\":\"N\\u00e4chster Monat\",\"months\":[\"Januar\",\"Februar\",\"M\\u00e4rz\",\"April\",\"Mai\",\"Juni\",\"Juli\",\"August\",\"September\",\"Oktober\",\"November\",\"Dezember\"],\"monthsShort\":[\"Jan.\",\"Feb.\",\"M\\u00e4rz\",\"Apr.\",\"Mai\",\"Juni\",\"Juli\",\"Aug\",\"Sep.\",\"Okt.\",\"Nov.\",\"Dez.\"],\"weekdays\":[\"Sonntag\",\"Montag\",\"Dienstag\",\"Mittwoch\",\"Donnerstag\",\"Freitag\",\"Samstag\"],\"weekdaysShort\":[\"So.\",\"Mo.\",\"Di.\",\"Mi.\",\"Do.\",\"Fr.\",\"Sa.\"],\"weekdaysMin\":[\"So.\",\"Mo.\",\"Di.\",\"Mi.\",\"Do.\",\"Fr.\",\"Sa.\"],\"recaptchaConsentMissing\":\"reCaptcha validation couldn&#039;t load.\",\"recaptchaMissingCookie\":\"reCaptcha v3 validation couldn&#039;t load the cookie needed to submit the form.\",\"recaptchaConsentEvent\":\"Accept reCaptcha cookies before sending the form.\",\"currency_symbol\":\"\",\"beforeForm\":\"\",\"beforeFields\":\"\",\"afterFields\":\"\",\"afterForm\":\"\"};form.fields=[{\"objectType\":\"Field\",\"objectDomain\":\"fields\",\"editActive\":false,\"order\":1,\"idAttribute\":\"id\",\"label\":\"Vorname\",\"type\":\"firstname\",\"key\":\"vorname_1745608858126\",\"label_pos\":\"above\",\"required\":1,\"default\":\"\",\"placeholder\":\"\",\"container_class\":\"one-half first\",\"element_class\":\"\",\"admin_label\":\"\",\"help_text\":\"\",\"custom_name_attribute\":\"fname\",\"field_label\":\"First Name\",\"field_key\":\"firstname_1523908368154\",\"personally_identifiable\":1,\"value\":\"\",\"id\":15,\"beforeField\":\"\",\"afterField\":\"\",\"parentType\":\"firstname\",\"element_templates\":[\"firstname\",\"input\"],\"old_classname\":\"\",\"wrap_template\":\"wrap\"},{\"objectType\":\"Field\",\"objectDomain\":\"fields\",\"editActive\":false,\"order\":2,\"idAttribute\":\"id\",\"label\":\"Nachname\",\"type\":\"lastname\",\"key\":\"nachname_1745608864055\",\"label_pos\":\"above\",\"required\":1,\"default\":\"\",\"placeholder\":\"\",\"container_class\":\"one-half second\",\"element_class\":\"\",\"admin_label\":\"\",\"help_text\":\"\",\"custom_name_attribute\":\"lname\",\"drawerDisabled\":\"\",\"field_label\":\"Last Name\",\"field_key\":\"lastname_1523908369534\",\"personally_identifiable\":1,\"value\":\"\",\"id\":16,\"beforeField\":\"\",\"afterField\":\"\",\"parentType\":\"lastname\",\"element_templates\":[\"lastname\",\"input\"],\"old_classname\":\"\",\"wrap_template\":\"wrap\"},{\"objectType\":\"Field\",\"objectDomain\":\"fields\",\"editActive\":false,\"order\":3,\"idAttribute\":\"id\",\"label\":\"Email\",\"type\":\"email\",\"key\":\"email_1523908522614\",\"label_pos\":\"above\",\"required\":1,\"default\":\"\",\"placeholder\":\"\",\"container_class\":\"\",\"element_class\":\"\",\"admin_label\":\"\",\"help_text\":\"\",\"custom_name_attribute\":\"email\",\"field_label\":\"Email\",\"field_key\":\"email_1523908522614\",\"personally_identifiable\":1,\"value\":\"\",\"id\":17,\"beforeField\":\"\",\"afterField\":\"\",\"parentType\":\"email\",\"element_templates\":[\"email\",\"input\"],\"old_classname\":\"\",\"wrap_template\":\"wrap\"},{\"objectType\":\"Field\",\"objectDomain\":\"fields\",\"editActive\":false,\"order\":4,\"idAttribute\":\"id\",\"label\":\"Telefonnummer\",\"type\":\"phone\",\"key\":\"telefonnummer_1745608868527\",\"label_pos\":\"above\",\"required\":1,\"default\":\"\",\"placeholder\":\"\",\"container_class\":\"\",\"element_class\":\"\",\"input_limit\":\"\",\"input_limit_type\":\"characters\",\"input_limit_msg\":\"Character(s) left\",\"manual_key\":\"\",\"admin_label\":\"\",\"help_text\":\"\",\"mask\":\"\",\"custom_mask\":\"\",\"custom_name_attribute\":\"phone\",\"field_label\":\"Phone\",\"field_key\":\"phone_1523908588264\",\"personally_identifiable\":1,\"value\":\"\",\"drawerDisabled\":false,\"id\":18,\"beforeField\":\"\",\"afterField\":\"\",\"parentType\":\"textbox\",\"element_templates\":[\"tel\",\"textbox\",\"input\"],\"old_classname\":\"\",\"wrap_template\":\"wrap\"},{\"objectType\":\"Field\",\"objectDomain\":\"fields\",\"editActive\":false,\"order\":7,\"idAttribute\":\"id\",\"label\":\"Deine Anfrage\",\"type\":\"textarea\",\"key\":\"deine_anfrage_1745608879202\",\"label_pos\":\"above\",\"required\":1,\"default\":\"\",\"placeholder\":\"\",\"container_class\":\"\",\"element_class\":\"\",\"input_limit\":\"\",\"input_limit_type\":\"characters\",\"input_limit_msg\":\"Character(s) left\",\"manual_key\":\"\",\"admin_label\":\"\",\"help_text\":\"\",\"textarea_rte\":\"\",\"disable_rte_mobile\":\"\",\"textarea_media\":\"\",\"field_label\":\"Details\",\"field_key\":\"details_1523908537286\",\"value\":\"\",\"id\":21,\"beforeField\":\"\",\"afterField\":\"\",\"parentType\":\"textarea\",\"element_templates\":[\"textarea\",\"input\"],\"old_classname\":\"\",\"wrap_template\":\"wrap\"},{\"objectType\":\"Field\",\"objectDomain\":\"fields\",\"editActive\":false,\"order\":10,\"idAttribute\":\"id\",\"type\":\"submit\",\"label\":\"Absenden\",\"processing_label\":\"Processing\",\"container_class\":\"\",\"element_class\":\"\",\"key\":\"absenden_1745608890259\",\"field_label\":\"Submit\",\"field_key\":\"submit_1523908548082\",\"admin_label\":\"\",\"drawerDisabled\":false,\"id\":24,\"beforeField\":\"\",\"afterField\":\"\",\"value\":\"\",\"label_pos\":\"above\",\"parentType\":\"textbox\",\"element_templates\":[\"submit\",\"button\",\"input\"],\"old_classname\":\"\",\"wrap_template\":\"wrap-no-label\"}];nfForms.push(form);<\/script>\n        ","protected":false},"excerpt":{"rendered":"<p>Hochzeits DJ Pascal R\u00fclke Als Spezialist f\u00fcr Hochzeiten mit \u00fcber 10 Jahren Erfahrung stehe ich Ihnen mit Leidenschaft und Professionalit\u00e4t zur Seite, damit Ihre Feier genauso wird, wie Sie es sich ertr\u00e4umen. Vom Sektempfang bis zum letzten Tanz begleite ich euch als Hochzeits DJ mit der Musik, die zu euch passt. Wie l\u00e4uft es ab? [&hellip;]<\/p>\n","protected":false},"author":1,"featured_media":0,"parent":0,"menu_order":0,"comment_status":"closed","ping_status":"closed","template":"","meta":{"footnotes":""},"class_list":["post-75","page","type-page","status-publish","hentry"],"_links":{"self":[{"href":"https:\/\/xn--djpascalrlke-llb.de\/index.php\/wp-json\/wp\/v2\/pages\/75","targetHints":{"allow":["GET"]}}],"collection":[{"href":"https:\/\/xn--djpascalrlke-llb.de\/index.php\/wp-json\/wp\/v2\/pages"}],"about":[{"href":"https:\/\/xn--djpascalrlke-llb.de\/index.php\/wp-json\/wp\/v2\/types\/page"}],"author":[{"embeddable":true,"href":"https:\/\/xn--djpascalrlke-llb.de\/index.php\/wp-json\/wp\/v2\/users\/1"}],"replies":[{"embeddable":true,"href":"https:\/\/xn--djpascalrlke-llb.de\/index.php\/wp-json\/wp\/v2\/comments?post=75"}],"version-history":[{"count":33,"href":"https:\/\/xn--djpascalrlke-llb.de\/index.php\/wp-json\/wp\/v2\/pages\/75\/revisions"}],"predecessor-version":[{"id":541,"href":"https:\/\/xn--djpascalrlke-llb.de\/index.php\/wp-json\/wp\/v2\/pages\/75\/revisions\/541"}],"wp:attachment":[{"href":"https:\/\/xn--djpascalrlke-llb.de\/index.php\/wp-json\/wp\/v2\/media?parent=75"}],"curies":[{"name":"wp","href":"https:\/\/api.w.org\/{rel}","templated":true}]}}