{"id":98,"date":"2025-04-09T18:05:33","date_gmt":"2025-04-09T18:05:33","guid":{"rendered":"https:\/\/xn--djpascalrlke-llb.de\/?page_id=98"},"modified":"2026-01-13T15:06:34","modified_gmt":"2026-01-13T15:06:34","slug":"dj-in-genthin-und-jerichowerland","status":"publish","type":"page","link":"https:\/\/xn--djpascalrlke-llb.de\/index.php\/dj-in-genthin-und-jerichowerland\/","title":{"rendered":"DJ in Genthin und Jerichower Land"},"content":{"rendered":"\n<div class=\"wp-block-cover alignfull\" style=\"padding-top:64px;padding-right:32px;padding-bottom:64px;padding-left:32px;min-height:200px;aspect-ratio:unset;\"><img loading=\"lazy\" decoding=\"async\" width=\"1024\" height=\"768\" class=\"wp-block-cover__image-background wp-image-346 size-large\" alt=\"\" src=\"https:\/\/xn--djpascalrlke-llb.de\/wp-content\/uploads\/2025\/06\/beer-garden-202556_1280-1024x768.jpg\" data-object-fit=\"cover\" srcset=\"https:\/\/xn--djpascalrlke-llb.de\/wp-content\/uploads\/2025\/06\/beer-garden-202556_1280-1024x768.jpg 1024w, https:\/\/xn--djpascalrlke-llb.de\/wp-content\/uploads\/2025\/06\/beer-garden-202556_1280-300x225.jpg 300w, https:\/\/xn--djpascalrlke-llb.de\/wp-content\/uploads\/2025\/06\/beer-garden-202556_1280-768x576.jpg 768w, https:\/\/xn--djpascalrlke-llb.de\/wp-content\/uploads\/2025\/06\/beer-garden-202556_1280.jpg 1280w\" sizes=\"auto, (max-width: 1024px) 100vw, 1024px\" \/><span aria-hidden=\"true\" class=\"wp-block-cover__background has-ti-bg-inv-background-color has-background-dim-60 has-background-dim\"><\/span><div class=\"wp-block-cover__inner-container is-layout-flow wp-block-cover-is-layout-flow\">\n<div class=\"wp-block-group alignwide is-layout-constrained wp-block-group-is-layout-constrained\">\n<div class=\"wp-block-group is-layout-constrained wp-container-core-group-is-layout-138c33e9 wp-block-group-is-layout-constrained\" style=\"padding-top:32px;padding-right:32px;padding-bottom:32px;padding-left:32px\"><h1 class=\"has-text-align-center wp-block-post-title\">DJ in Genthin und Jerichower Land<\/h1><\/div>\n<\/div>\n<\/div><\/div>\n\n\n\n<div class=\"wp-block-group alignfull has-ti-bg-alt-background-color has-background is-layout-constrained wp-container-core-group-is-layout-fe9dbed2 wp-block-group-is-layout-constrained\" style=\"margin-top:var(--wp--preset--spacing--40);margin-bottom:var(--wp--preset--spacing--40);padding-top:64px;padding-right:0;padding-bottom:64px;padding-left:0\">\n<div class=\"wp-block-columns alignwide is-layout-flex wp-container-core-columns-is-layout-28232c24 wp-block-columns-is-layout-flex\">\n<div class=\"wp-block-column is-vertically-aligned-center is-layout-flow wp-container-core-column-is-layout-3ff3f994 wp-block-column-is-layout-flow\" style=\"padding-top:24px;padding-right:24px;padding-bottom:24px;padding-left:24px\">\n<h2 class=\"wp-block-heading has-text-align-center\">Geburtstags DJ im Jerichower Land<\/h2>\n\n\n\n<p class=\"has-text-align-center\">Geburtstag feiern &#8211; so wie du es willst! Ob in Genthin, Burg, M\u00f6ckern oder Umgebung. Es sind gerade die runden Geburtstage, die man mit Familie und Freunden geb\u00fchrend feiern sollte. Ob 30., 40., 50. oder 60. &#8211; ich stelle mich auf dich und deine G\u00e4ste ein: mit einem Musikmix der Generationen verbindet.<\/p>\n\n\n\n<p class=\"has-text-align-center\"> Von Klassikern \u00fcber aktuelle Hits bis zu deinen pers\u00f6nlichen Lieblingssong.<\/p>\n\n\n\n<div class=\"wp-block-buttons is-content-justification-center is-layout-flex wp-container-core-buttons-is-layout-c936322e wp-block-buttons-is-layout-flex\" style=\"padding-top:var(--wp--preset--spacing--40);padding-bottom:var(--wp--preset--spacing--40)\">\n<div class=\"wp-block-button\"><a class=\"wp-block-button__link has-background wp-element-button\" href=\"https:\/\/xn--djpascalrlke-llb.de\/index.php\/dj-anfrage\/\" style=\"border-style:none;border-width:0px;background-color:#d3b04f\">Jetzt Geburtstags-DJ buchen<\/a><\/div>\n<\/div>\n<\/div>\n\n\n\n<div class=\"wp-block-column is-layout-flow wp-block-column-is-layout-flow\">\n<figure class=\"wp-block-image size-full\" style=\"margin-top:var(--wp--preset--spacing--60);margin-bottom:var(--wp--preset--spacing--60)\"><img loading=\"lazy\" decoding=\"async\" width=\"1280\" height=\"853\" src=\"https:\/\/xn--djpascalrlke-llb.de\/wp-content\/uploads\/2025\/04\/date-of-birth-874783_1280.jpg\" alt=\"\" class=\"wp-image-197\" srcset=\"https:\/\/xn--djpascalrlke-llb.de\/wp-content\/uploads\/2025\/04\/date-of-birth-874783_1280.jpg 1280w, https:\/\/xn--djpascalrlke-llb.de\/wp-content\/uploads\/2025\/04\/date-of-birth-874783_1280-300x200.jpg 300w, https:\/\/xn--djpascalrlke-llb.de\/wp-content\/uploads\/2025\/04\/date-of-birth-874783_1280-1024x682.jpg 1024w, https:\/\/xn--djpascalrlke-llb.de\/wp-content\/uploads\/2025\/04\/date-of-birth-874783_1280-768x512.jpg 768w\" sizes=\"auto, (max-width: 1280px) 100vw, 1280px\" \/><figcaption class=\"wp-element-caption\">Geburtstag<\/figcaption><\/figure>\n<\/div>\n<\/div>\n\n\n\n<p><\/p>\n<\/div>\n\n\n\n<div class=\"wp-block-group alignfull has-ti-bg-alt-background-color has-background is-layout-constrained wp-block-group-is-layout-constrained\" style=\"margin-top:var(--wp--preset--spacing--50);margin-bottom:var(--wp--preset--spacing--50);padding-top:64px;padding-bottom:64px\">\n<div class=\"wp-block-columns alignwide is-layout-flex wp-container-core-columns-is-layout-28232c24 wp-block-columns-is-layout-flex\">\n<div class=\"wp-block-column is-layout-flow wp-block-column-is-layout-flow\">\n<figure class=\"wp-block-image size-full\"><img loading=\"lazy\" decoding=\"async\" width=\"1280\" height=\"853\" src=\"https:\/\/xn--djpascalrlke-llb.de\/wp-content\/uploads\/2025\/04\/family-7727035_1280-1.jpg\" alt=\"\" class=\"wp-image-196\" srcset=\"https:\/\/xn--djpascalrlke-llb.de\/wp-content\/uploads\/2025\/04\/family-7727035_1280-1.jpg 1280w, https:\/\/xn--djpascalrlke-llb.de\/wp-content\/uploads\/2025\/04\/family-7727035_1280-1-300x200.jpg 300w, https:\/\/xn--djpascalrlke-llb.de\/wp-content\/uploads\/2025\/04\/family-7727035_1280-1-1024x682.jpg 1024w, https:\/\/xn--djpascalrlke-llb.de\/wp-content\/uploads\/2025\/04\/family-7727035_1280-1-768x512.jpg 768w\" sizes=\"auto, (max-width: 1280px) 100vw, 1280px\" \/><figcaption class=\"wp-element-caption\">Firmenevent in Genthin <\/figcaption><\/figure>\n<\/div>\n\n\n\n<div class=\"wp-block-column is-vertically-aligned-center is-layout-flow wp-container-core-column-is-layout-68f8c11d wp-block-column-is-layout-flow\" style=\"padding-top:0px;padding-right:20px;padding-bottom:0px;padding-left:20px\">\n<h2 class=\"wp-block-heading has-text-align-center\">Firmen DJ im Jerichower Land, Genthin und Umgebung<\/h2>\n\n\n\n<p class=\"has-text-align-center\">Ob Weihnachtsfeier, Sommerfest, Messe oder Jubil\u00e4um &#8211; ich sorge f\u00fcr den passenden Sound zu eurem Event in Genthin und Sachsen-Anhalt. Unter anderem durfte ich bereits f\u00fcr die global agierende Firma TCS (T\u00fcrControlSystem) aufgelegen. <\/p>\n\n\n\n<p class=\"has-text-align-center\">Selbstverst\u00e4ndlich bringe ich professionelle Technik und ein Funkmikrofon f\u00fcr Ansprachen mit.<\/p>\n\n\n\n<div class=\"wp-block-buttons is-content-justification-center is-layout-flex wp-container-core-buttons-is-layout-9eb7e9bf wp-block-buttons-is-layout-flex\" style=\"margin-top:var(--wp--preset--spacing--50);margin-bottom:var(--wp--preset--spacing--50);padding-top:0;padding-bottom:0\">\n<div class=\"wp-block-button\"><a class=\"wp-block-button__link has-background wp-element-button\" href=\"https:\/\/xn--djpascalrlke-llb.de\/index.php\/dj-anfrage\/\" style=\"border-style:none;border-width:0px;background-color:#d3b04f;padding-top:var(--wp--preset--spacing--40);padding-bottom:var(--wp--preset--spacing--40)\">Jetzt DJ f\u00fcr Firmenfeier anfragen<\/a><\/div>\n<\/div>\n<\/div>\n<\/div>\n<\/div>\n\n\n\n<div class=\"wp-block-group alignfull has-ti-bg-alt-background-color has-background is-layout-constrained wp-block-group-is-layout-constrained\" style=\"margin-top:0;margin-bottom:0;padding-top:64px;padding-bottom:64px\">\n<div class=\"wp-block-columns alignwide is-layout-flex wp-container-core-columns-is-layout-28232c24 wp-block-columns-is-layout-flex\">\n<div class=\"wp-block-column is-vertically-aligned-center is-layout-flow wp-container-core-column-is-layout-9c380d72 wp-block-column-is-layout-flow\" style=\"border-style:none;border-width:0px;padding-top:0px;padding-right:24px;padding-bottom:0px;padding-left:24px\">\n<h2 class=\"wp-block-heading has-text-align-center\">Event DJ in Genthin, Magdeburg und Umgebung<\/h2>\n\n\n\n<p class=\"has-text-align-center\">Dein Event ist nicht dabei? Dann lass uns dar\u00fcber sprechen. Nicht jede Feier passt in eine Kategorie. Ob du was ausgefallenes planst, ein privates Event oder eine besondere Idee im Kopf hast: Ich bin offen f\u00fcr deine Veranstaltung und bringe die passende Musik mit. <\/p>\n\n\n\n<p class=\"has-text-align-center\">Schreibt mir einfach <\/p>\n\n\n\n<div class=\"wp-block-buttons is-horizontal is-content-justification-center is-layout-flex wp-container-core-buttons-is-layout-81e50a93 wp-block-buttons-is-layout-flex\" style=\"padding-top:var(--wp--preset--spacing--40);padding-bottom:var(--wp--preset--spacing--40)\">\n<div class=\"wp-block-button\"><a class=\"wp-block-button__link has-background wp-element-button\" href=\"https:\/\/xn--djpascalrlke-llb.de\/index.php\/dj-anfrage\/\" style=\"border-style:none;border-width:0px;background-color:#d3b04f;padding-top:var(--wp--preset--spacing--40);padding-bottom:var(--wp--preset--spacing--40)\">DJ f\u00fcr Genthin, Magdeburg und Umgebung anfragen<\/a><\/div>\n<\/div>\n<\/div>\n\n\n\n<div class=\"wp-block-column is-layout-flow wp-block-column-is-layout-flow\">\n<figure class=\"wp-block-image size-full\"><img loading=\"lazy\" decoding=\"async\" width=\"1280\" height=\"816\" src=\"https:\/\/xn--djpascalrlke-llb.de\/wp-content\/uploads\/2025\/04\/sylvester-3894621_1280.jpg\" alt=\"\" class=\"wp-image-195\" srcset=\"https:\/\/xn--djpascalrlke-llb.de\/wp-content\/uploads\/2025\/04\/sylvester-3894621_1280.jpg 1280w, https:\/\/xn--djpascalrlke-llb.de\/wp-content\/uploads\/2025\/04\/sylvester-3894621_1280-300x191.jpg 300w, https:\/\/xn--djpascalrlke-llb.de\/wp-content\/uploads\/2025\/04\/sylvester-3894621_1280-1024x653.jpg 1024w, https:\/\/xn--djpascalrlke-llb.de\/wp-content\/uploads\/2025\/04\/sylvester-3894621_1280-768x490.jpg 768w\" sizes=\"auto, (max-width: 1280px) 100vw, 1280px\" \/><\/figure>\n<\/div>\n<\/div>\n<\/div>\n\n\n\n<h2 class=\"wp-block-heading has-text-align-center\">F\u00fcr jeden Anlass der richtige Sound <\/h2>\n\n\n\n<p class=\"has-text-align-center\">Ob runder Geburtstag im Familienkreis, entspannte Firmenfeier mit Kollegen oder ein  gr\u00f6\u00dferes Event in Genthin oder dem Jerichower Land &#8211; als DJ bin ich f\u00fcr viele verschiedene Anl\u00e4sse im Einsatz. Musik ist dabei mehr als nur eine Hintergrund &#8211; sie bringt Menschen zusammen und genau das macht uns DJ&#8217;s gl\u00fccklich. <\/p>\n\n\n\n<p class=\"has-text-align-center\">Mit Erfahrung, einem breiten Musikrepertoire und dem Blick f\u00fcr die G\u00e4ste begleite ich Geburtstagsfeiern, Firmenevents und viele andere Veranstaltungen in Sachsen-Anhalt  &#8211; ganz nach deinen Vorstellungen.<\/p>\n\n\n\n<p><\/p>\n\n\n\n<p><\/p>\n","protected":false},"excerpt":{"rendered":"<p>Geburtstags DJ im Jerichower Land Geburtstag feiern &#8211; so wie du es willst! Ob in Genthin, Burg, M\u00f6ckern oder Umgebung. Es sind gerade die runden Geburtstage, die man mit Familie und Freunden geb\u00fchrend feiern sollte. Ob 30., 40., 50. oder 60. &#8211; ich stelle mich auf dich und deine G\u00e4ste ein: mit einem Musikmix der [&hellip;]<\/p>\n","protected":false},"author":1,"featured_media":0,"parent":0,"menu_order":0,"comment_status":"closed","ping_status":"closed","template":"","meta":{"footnotes":""},"class_list":["post-98","page","type-page","status-publish","hentry"],"_links":{"self":[{"href":"https:\/\/xn--djpascalrlke-llb.de\/index.php\/wp-json\/wp\/v2\/pages\/98","targetHints":{"allow":["GET"]}}],"collection":[{"href":"https:\/\/xn--djpascalrlke-llb.de\/index.php\/wp-json\/wp\/v2\/pages"}],"about":[{"href":"https:\/\/xn--djpascalrlke-llb.de\/index.php\/wp-json\/wp\/v2\/types\/page"}],"author":[{"embeddable":true,"href":"https:\/\/xn--djpascalrlke-llb.de\/index.php\/wp-json\/wp\/v2\/users\/1"}],"replies":[{"embeddable":true,"href":"https:\/\/xn--djpascalrlke-llb.de\/index.php\/wp-json\/wp\/v2\/comments?post=98"}],"version-history":[{"count":29,"href":"https:\/\/xn--djpascalrlke-llb.de\/index.php\/wp-json\/wp\/v2\/pages\/98\/revisions"}],"predecessor-version":[{"id":530,"href":"https:\/\/xn--djpascalrlke-llb.de\/index.php\/wp-json\/wp\/v2\/pages\/98\/revisions\/530"}],"wp:attachment":[{"href":"https:\/\/xn--djpascalrlke-llb.de\/index.php\/wp-json\/wp\/v2\/media?parent=98"}],"curies":[{"name":"wp","href":"https:\/\/api.w.org\/{rel}","templated":true}]}}